{"id":53,"date":"2022-05-24T08:33:17","date_gmt":"2022-05-24T08:33:17","guid":{"rendered":"https:\/\/plazalaalameda.com\/?page_id=53"},"modified":"2024-03-13T17:38:37","modified_gmt":"2024-03-14T00:38:37","slug":"about-us","status":"publish","type":"page","link":"https:\/\/plazalaalameda.com\/es\/about-us\/","title":{"rendered":"About Us"},"content":{"rendered":"<p>[et_pb_section fb_built=&#8221;1&#8243; _builder_version=&#8221;4.17.3&#8243; _module_preset=&#8221;default&#8221; width=&#8221;100{5e916b0e21b8cff3b270391cc27ad4ee5dc83e0c8fd53535b18d7aebdfbc35b1}&#8221; max_width=&#8221;100{5e916b0e21b8cff3b270391cc27ad4ee5dc83e0c8fd53535b18d7aebdfbc35b1}&#8221; module_alignment=&#8221;left&#8221; custom_padding=&#8221;0px|||||&#8221; global_colors_info=&#8221;{}&#8221;][et_pb_row column_structure=&#8221;3_5,2_5&#8243; _builder_version=&#8221;4.17.3&#8243; _module_preset=&#8221;default&#8221; custom_padding=&#8221;80px|||||&#8221; global_colors_info=&#8221;{}&#8221;][et_pb_column type=&#8221;3_5&#8243; _builder_version=&#8221;4.17.3&#8243; _module_preset=&#8221;default&#8221; global_colors_info=&#8221;{}&#8221;][et_pb_image src=&#8221;https:\/\/plazalaalameda.com\/wp-content\/uploads\/2022\/07\/alameda-about-1.jpg&#8221; title_text=&#8221;alameda-about-1&#8243; _builder_version=&#8221;4.17.3&#8243; _module_preset=&#8221;default&#8221; global_colors_info=&#8221;{}&#8221;][\/et_pb_image][et_pb_image src=&#8221;https:\/\/plazalaalameda.com\/wp-content\/uploads\/2022\/07\/alameda-about-2.jpg&#8221; title_text=&#8221;alameda-about-2&#8243; _builder_version=&#8221;4.17.3&#8243; _module_preset=&#8221;default&#8221; custom_padding=&#8221;0px|||||&#8221; global_colors_info=&#8221;{}&#8221;][\/et_pb_image][\/et_pb_column][et_pb_column type=&#8221;2_5&#8243; _builder_version=&#8221;4.17.3&#8243; _module_preset=&#8221;default&#8221; global_colors_info=&#8221;{}&#8221;][df_adh_heading title_prefix=&#8221;about Plaza La Alameda&#8221; _builder_version=&#8221;4.17.3&#8243; _module_preset=&#8221;default&#8221; title_level=&#8221;h1&#8243; title_text_align=&#8221;left&#8221; title_text_color=&#8221;#000000&#8243; title_font_size=&#8221;32px&#8221; t_prefix_text_align=&#8221;left&#8221; module_alignment=&#8221;left&#8221; custom_padding=&#8221;0px||||false|false&#8221; global_colors_info=&#8221;{}&#8221;][\/df_adh_heading][et_pb_text _builder_version=&#8221;4.17.3&#8243; _module_preset=&#8221;default&#8221; custom_padding=&#8221;0px|0px||0px|false|false&#8221; custom_padding_tablet=&#8221;0px||||false|false&#8221; custom_padding_phone=&#8221;0px||||false|false&#8221; custom_padding_last_edited=&#8221;on|desktop&#8221; global_colors_info=&#8221;{}&#8221;]<\/p>\n<p>Plaza La Alameda, ubicada en Walnut Park, celebr\u00f3 su gran inauguraci\u00f3n el 12 de julio de 2008. La Alameda es un proyecto de $70 millones que abarca 18.3 acres, combinando 220,000 pies cuadrados de espacio comercial y 18,000 pies cuadrados de espacio para oficinas. El centro cuenta con una parada de Metro, lo que facilita el acceso al centro comercial a trav\u00e9s del transporte p\u00fablico.\u200b<\/p>\n<p>La Alameda es uno de los centros comunitarios m\u00e1s exitosos en el \u00e1rea de comercio, con la mejor combinaci\u00f3n de minoristas reconocidos a nivel nacional y favoritos locales. Algunos de los inquilinos minoristas incluyen Ross Dress for Less, CVS Pharmacy, Marshall\u2019s, Don Chente\u2019s Bar And Grill, Wingstop, Dollar Tree, Chuck E. Cheese, Panda Express, Gamestop, Cold Stone Creamery, Petco y Bath &amp; Body Works.\u200b<\/p>\n<p>Adem\u00e1s, el centro ofrece eventos comunitarios mensuales y programas promocionales, generando una gran afluencia de p\u00fablico.\u200b<\/p>\n<p>La densidad de poblaci\u00f3n en el \u00e1rea supera las 478,000 personas en un radio de 3 millas. Como parte de un centro comercial pr\u00f3spero, se disponen de servicios excepcionales que incluyen restaurantes de renombre nacional, tiendas, bancos y otros servicios.\u200b<\/p>\n<p>[\/et_pb_text][\/et_pb_column][\/et_pb_row][\/et_pb_section][et_pb_section fb_built=&#8221;1&#8243; prev_background_color=&#8221;#ffffff&#8221; _builder_version=&#8221;4.17.3&#8243; _module_preset=&#8221;default&#8221; background_image=&#8221;https:\/\/plazalaalameda.com\/wp-content\/uploads\/2022\/07\/alameda-about-wave.jpg&#8221; background_position=&#8221;bottom_center&#8221; max_width=&#8221;100{5e916b0e21b8cff3b270391cc27ad4ee5dc83e0c8fd53535b18d7aebdfbc35b1}&#8221; module_alignment=&#8221;left&#8221; height=&#8221;1000px&#8221; max_height=&#8221;1000px&#8221; custom_margin=&#8221;-300px||||false|false&#8221; custom_margin_tablet=&#8221;-300px||||false|false&#8221; custom_margin_phone=&#8221;-300px||||false|false&#8221; custom_margin_last_edited=&#8221;on|phone&#8221; top_divider_style=&#8221;wave2&#8243; top_divider_height=&#8221;233px&#8221; top_divider_repeat=&#8221;1x&#8221; top_divider_flip=&#8221;vertical&#8221; top_divider_height_tablet=&#8221;148px&#8221; top_divider_height_phone=&#8221;145px&#8221; top_divider_height_last_edited=&#8221;on|phone&#8221; global_colors_info=&#8221;{}&#8221;][\/et_pb_section]<\/p>","protected":false},"excerpt":{"rendered":"<p><div class=\"et_pb_module df_adh_heading df_adh_heading_0\">\n\t\t\t\t\n\t\t\t\t\n\t\t\t\t\n\t\t\t\t\n\t\t\t\t\n\t\t\t\t\n\t\t\t\t<div class=\"et_pb_module_inner\">\n\t\t\t\t\t<div class=\"df-heading-container\">\r\n                \r\n                \r\n                <h1 class=\"df-heading\"><span class=\"prefix\">acerca de Plaza La Alameda<\/span>  <\/h1>\r\n                \r\n            <\/div>\n\t\t\t\t<\/div>\n\t\t\t<\/div>Plaza La Alameda, located in Walnut Park, held its grand opening July 12, 2008. La Alameda is a $70 million, 18.3 acre project that combines 220,000 square feet of retail space and 18,000 square feet of office space. The center features [&hellip;]<\/p>","protected":false},"author":1,"featured_media":0,"parent":0,"menu_order":0,"comment_status":"closed","ping_status":"closed","template":"","meta":{"_et_pb_use_builder":"on","_et_pb_old_content":"","_et_gb_content_width":"","footnotes":""},"class_list":["post-53","page","type-page","status-publish","hentry"],"_links":{"self":[{"href":"https:\/\/plazalaalameda.com\/es\/wp-json\/wp\/v2\/pages\/53","targetHints":{"allow":["GET"]}}],"collection":[{"href":"https:\/\/plazalaalameda.com\/es\/wp-json\/wp\/v2\/pages"}],"about":[{"href":"https:\/\/plazalaalameda.com\/es\/wp-json\/wp\/v2\/types\/page"}],"author":[{"embeddable":true,"href":"https:\/\/plazalaalameda.com\/es\/wp-json\/wp\/v2\/users\/1"}],"replies":[{"embeddable":true,"href":"https:\/\/plazalaalameda.com\/es\/wp-json\/wp\/v2\/comments?post=53"}],"version-history":[{"count":2,"href":"https:\/\/plazalaalameda.com\/es\/wp-json\/wp\/v2\/pages\/53\/revisions"}],"predecessor-version":[{"id":992,"href":"https:\/\/plazalaalameda.com\/es\/wp-json\/wp\/v2\/pages\/53\/revisions\/992"}],"wp:attachment":[{"href":"https:\/\/plazalaalameda.com\/es\/wp-json\/wp\/v2\/media?parent=53"}],"curies":[{"name":"wp","href":"https:\/\/api.w.org\/{rel}","templated":true}]}}